{"id":5096,"date":"2023-11-08T19:38:35","date_gmt":"2023-11-08T18:38:35","guid":{"rendered":"https:\/\/www.enjoy-silence.com\/?page_id=5096"},"modified":"2024-10-21T13:45:24","modified_gmt":"2024-10-21T11:45:24","slug":"impressum","status":"publish","type":"page","link":"https:\/\/www.enjoy-silence.com\/fr\/impressum\/","title":{"rendered":"Impressum"},"content":{"rendered":"<div class=\"fusion-fullwidth fullwidth-box fusion-builder-row-1 fusion-flex-container has-pattern-background has-mask-background nonhundred-percent-fullwidth non-hundred-percent-height-scrolling\" style=\"--awb-border-radius-top-left:0px;--awb-border-radius-top-right:0px;--awb-border-radius-bottom-right:0px;--awb-border-radius-bottom-left:0px;--awb-flex-wrap:wrap;\" ><div class=\"fusion-builder-row fusion-row fusion-flex-align-items-flex-start fusion-flex-content-wrap\" style=\"max-width:1216.8px;margin-left: calc(-4% \/ 2 );margin-right: calc(-4% \/ 2 );\"><div class=\"fusion-layout-column fusion_builder_column fusion-builder-column-0 fusion_builder_column_1_1 1_1 fusion-flex-column\" style=\"--awb-bg-size:cover;--awb-width-large:100%;--awb-margin-top-large:0px;--awb-spacing-right-large:1.92%;--awb-margin-bottom-large:20px;--awb-spacing-left-large:1.92%;--awb-width-medium:100%;--awb-order-medium:0;--awb-spacing-right-medium:1.92%;--awb-spacing-left-medium:1.92%;--awb-width-small:100%;--awb-order-small:0;--awb-spacing-right-small:1.92%;--awb-spacing-left-small:1.92%;\"><div class=\"fusion-column-wrapper fusion-column-has-shadow fusion-flex-justify-content-flex-start fusion-content-layout-column\"><div class=\"fusion-title title fusion-title-1 fusion-sep-none fusion-title-center fusion-title-text fusion-title-size-one\" style=\"--awb-margin-top-small:10px;--awb-margin-right-small:0px;--awb-margin-bottom-small:10px;--awb-margin-left-small:0px;\"><h1 class=\"fusion-title-heading title-heading-center fusion-responsive-typography-calculated\" style=\"margin:0;--fontSize:140;line-height:1;\"><p style=\"text-align: left;\">Mentions l\u00e9gales<\/p><\/h1><\/div><div class=\"fusion-text fusion-text-1\"><div class=\"wpb_column pos-top pos-center align_center column_parent col-lg-12 single-internal-gutter\">\n<div class=\"uncol style-light\">\n<div class=\"uncoltable\">\n<div class=\"uncell\">\n<div class=\"uncont no-block-padding col-custom-width\">\n<div class=\"uncode_text_column text-lead\">\n<div class=\"page-title\">\n<p><span style=\"font-size: 16px;\">Schaumstoffe Helgers GmbH | CNC Schneidewerk<br \/>\n<\/span>IGP \u2013 Industrie- und Gewerbepark<br \/>\nD\u00e9partement Q \u2013 Enjoy Silence<br \/>\nErnst-Abbe-Str. 12<br \/>\n52249 Eschweiler<br \/>\nT\u00e9l\u00e9phone: +49 2403\/ 838 30 -77<br \/>\nFax: +49 2403\/ 838 30 -13<br \/>\n<a href=\"https:\/\/www.enjoy-silence.com\">www.enjoy-silence.com<\/a><br \/>\ninfo@enjoy-silence.com<\/p>\n<\/div>\n<div class=\"std\">\n<p>Auteur et responsable au sens du \u00a7 18 Abs. 2 MStV: Michael Mathey<\/p>\n<p>Direction: Michael Mathey<br \/>\nTribunal d&rsquo;enregistrement: Tribunal d&rsquo;instance Aachen<br \/>\nNum\u00e9ro d&rsquo;enregistrement: HRB 17255<br \/>\nNum\u00e9ro d&rsquo;identification de la taxe sur le chiffre d&rsquo;affaires conform\u00e9ment \u00e0 \u00a7 27a UStG: DE 355518030<br \/>\nProtection des marques: \u00ab Q &#8211; Enjoy Silence \u00bb est une marque d\u00e9pos\u00e9e .<\/p>\n<\/div>\n<\/div>\n<\/div>\n<\/div>\n<\/div>\n<\/div>\n<\/div>\n<\/div><\/div><\/div><\/div><\/div>\n","protected":false},"excerpt":{"rendered":"","protected":false},"author":4,"featured_media":0,"parent":0,"menu_order":0,"comment_status":"closed","ping_status":"closed","template":"","meta":{"footnotes":""},"class_list":["post-5096","page","type-page","status-publish","hentry"],"yoast_head":"<!-- This site is optimized with the Yoast SEO plugin v27.4 - https:\/\/yoast.com\/product\/yoast-seo-wordpress\/ -->\n<title>Impressum | Enjoy Silence<\/title>\n<meta name=\"robots\" content=\"index, follow, max-snippet:-1, max-image-preview:large, max-video-preview:-1\" \/>\n<link rel=\"canonical\" href=\"https:\/\/www.enjoy-silence.com\/fr\/impressum\/\" \/>\n<meta property=\"og:locale\" content=\"fr_FR\" \/>\n<meta property=\"og:type\" content=\"article\" \/>\n<meta property=\"og:title\" content=\"Impressum | Enjoy Silence\" \/>\n<meta property=\"og:url\" content=\"https:\/\/www.enjoy-silence.com\/fr\/impressum\/\" \/>\n<meta property=\"og:site_name\" content=\"Enjoy Silence\" \/>\n<meta property=\"article:modified_time\" content=\"2024-10-21T11:45:24+00:00\" \/>\n<meta property=\"og:image\" content=\"https:\/\/www.enjoy-silence.com\/wp-content\/uploads\/2023\/11\/q-enjoy-silence-180px.png\" \/>\n\t<meta property=\"og:image:width\" content=\"180\" \/>\n\t<meta property=\"og:image:height\" content=\"77\" \/>\n\t<meta property=\"og:image:type\" content=\"image\/png\" \/>\n<meta name=\"twitter:card\" content=\"summary_large_image\" \/>\n<meta name=\"twitter:label1\" content=\"Dur\u00e9e de lecture estim\u00e9e\" \/>\n\t<meta name=\"twitter:data1\" content=\"6 minutes\" \/>\n<script type=\"application\/ld+json\" class=\"yoast-schema-graph\">{\"@context\":\"https:\\\/\\\/schema.org\",\"@graph\":[{\"@type\":\"WebPage\",\"@id\":\"https:\\\/\\\/www.enjoy-silence.com\\\/fr\\\/impressum\\\/\",\"url\":\"https:\\\/\\\/www.enjoy-silence.com\\\/fr\\\/impressum\\\/\",\"name\":\"Impressum | Enjoy Silence\",\"isPartOf\":{\"@id\":\"https:\\\/\\\/www.enjoy-silence.com\\\/fr\\\/#website\"},\"datePublished\":\"2023-11-08T18:38:35+00:00\",\"dateModified\":\"2024-10-21T11:45:24+00:00\",\"breadcrumb\":{\"@id\":\"https:\\\/\\\/www.enjoy-silence.com\\\/fr\\\/impressum\\\/#breadcrumb\"},\"inLanguage\":\"fr-FR\",\"potentialAction\":[{\"@type\":\"ReadAction\",\"target\":[\"https:\\\/\\\/www.enjoy-silence.com\\\/fr\\\/impressum\\\/\"]}]},{\"@type\":\"BreadcrumbList\",\"@id\":\"https:\\\/\\\/www.enjoy-silence.com\\\/fr\\\/impressum\\\/#breadcrumb\",\"itemListElement\":[{\"@type\":\"ListItem\",\"position\":1,\"name\":\"Startseite\",\"item\":\"https:\\\/\\\/www.enjoy-silence.com\\\/fr\\\/\"},{\"@type\":\"ListItem\",\"position\":2,\"name\":\"Impressum\"}]},{\"@type\":\"WebSite\",\"@id\":\"https:\\\/\\\/www.enjoy-silence.com\\\/fr\\\/#website\",\"url\":\"https:\\\/\\\/www.enjoy-silence.com\\\/fr\\\/\",\"name\":\"Enjoy Silence\",\"description\":\"\",\"potentialAction\":[{\"@type\":\"SearchAction\",\"target\":{\"@type\":\"EntryPoint\",\"urlTemplate\":\"https:\\\/\\\/www.enjoy-silence.com\\\/fr\\\/?s={search_term_string}\"},\"query-input\":{\"@type\":\"PropertyValueSpecification\",\"valueRequired\":true,\"valueName\":\"search_term_string\"}}],\"inLanguage\":\"fr-FR\"}]}<\/script>\n<!-- \/ Yoast SEO plugin. -->","yoast_head_json":{"title":"Impressum | Enjoy Silence","robots":{"index":"index","follow":"follow","max-snippet":"max-snippet:-1","max-image-preview":"max-image-preview:large","max-video-preview":"max-video-preview:-1"},"canonical":"https:\/\/www.enjoy-silence.com\/fr\/impressum\/","og_locale":"fr_FR","og_type":"article","og_title":"Impressum | Enjoy Silence","og_url":"https:\/\/www.enjoy-silence.com\/fr\/impressum\/","og_site_name":"Enjoy Silence","article_modified_time":"2024-10-21T11:45:24+00:00","og_image":[{"width":180,"height":77,"url":"https:\/\/www.enjoy-silence.com\/wp-content\/uploads\/2023\/11\/q-enjoy-silence-180px.png","type":"image\/png"}],"twitter_card":"summary_large_image","twitter_misc":{"Dur\u00e9e de lecture estim\u00e9e":"6 minutes"},"schema":{"@context":"https:\/\/schema.org","@graph":[{"@type":"WebPage","@id":"https:\/\/www.enjoy-silence.com\/fr\/impressum\/","url":"https:\/\/www.enjoy-silence.com\/fr\/impressum\/","name":"Impressum | Enjoy Silence","isPartOf":{"@id":"https:\/\/www.enjoy-silence.com\/fr\/#website"},"datePublished":"2023-11-08T18:38:35+00:00","dateModified":"2024-10-21T11:45:24+00:00","breadcrumb":{"@id":"https:\/\/www.enjoy-silence.com\/fr\/impressum\/#breadcrumb"},"inLanguage":"fr-FR","potentialAction":[{"@type":"ReadAction","target":["https:\/\/www.enjoy-silence.com\/fr\/impressum\/"]}]},{"@type":"BreadcrumbList","@id":"https:\/\/www.enjoy-silence.com\/fr\/impressum\/#breadcrumb","itemListElement":[{"@type":"ListItem","position":1,"name":"Startseite","item":"https:\/\/www.enjoy-silence.com\/fr\/"},{"@type":"ListItem","position":2,"name":"Impressum"}]},{"@type":"WebSite","@id":"https:\/\/www.enjoy-silence.com\/fr\/#website","url":"https:\/\/www.enjoy-silence.com\/fr\/","name":"Enjoy Silence","description":"","potentialAction":[{"@type":"SearchAction","target":{"@type":"EntryPoint","urlTemplate":"https:\/\/www.enjoy-silence.com\/fr\/?s={search_term_string}"},"query-input":{"@type":"PropertyValueSpecification","valueRequired":true,"valueName":"search_term_string"}}],"inLanguage":"fr-FR"}]}},"_links":{"self":[{"href":"https:\/\/www.enjoy-silence.com\/fr\/wp-json\/wp\/v2\/pages\/5096","targetHints":{"allow":["GET"]}}],"collection":[{"href":"https:\/\/www.enjoy-silence.com\/fr\/wp-json\/wp\/v2\/pages"}],"about":[{"href":"https:\/\/www.enjoy-silence.com\/fr\/wp-json\/wp\/v2\/types\/page"}],"author":[{"embeddable":true,"href":"https:\/\/www.enjoy-silence.com\/fr\/wp-json\/wp\/v2\/users\/4"}],"replies":[{"embeddable":true,"href":"https:\/\/www.enjoy-silence.com\/fr\/wp-json\/wp\/v2\/comments?post=5096"}],"version-history":[{"count":2,"href":"https:\/\/www.enjoy-silence.com\/fr\/wp-json\/wp\/v2\/pages\/5096\/revisions"}],"predecessor-version":[{"id":5098,"href":"https:\/\/www.enjoy-silence.com\/fr\/wp-json\/wp\/v2\/pages\/5096\/revisions\/5098"}],"wp:attachment":[{"href":"https:\/\/www.enjoy-silence.com\/fr\/wp-json\/wp\/v2\/media?parent=5096"}],"curies":[{"name":"wp","href":"https:\/\/api.w.org\/{rel}","templated":true}]}}