{"id":5024,"date":"2023-11-08T13:58:12","date_gmt":"2023-11-08T12:58:12","guid":{"rendered":"https:\/\/www.enjoy-silence.com\/?page_id=5024"},"modified":"2024-10-22T17:07:57","modified_gmt":"2024-10-22T15:07:57","slug":"datenschutzerklaerung","status":"publish","type":"page","link":"https:\/\/www.enjoy-silence.com\/fr\/datenschutzerklaerung\/","title":{"rendered":"D\u00e9claration de confidentialit\u00e9"},"content":{"rendered":"<div class=\"fusion-fullwidth fullwidth-box fusion-builder-row-1 fusion-flex-container has-pattern-background has-mask-background nonhundred-percent-fullwidth non-hundred-percent-height-scrolling\" style=\"--awb-border-radius-top-left:0px;--awb-border-radius-top-right:0px;--awb-border-radius-bottom-right:0px;--awb-border-radius-bottom-left:0px;--awb-flex-wrap:wrap;\" ><div class=\"fusion-builder-row fusion-row fusion-flex-align-items-flex-start fusion-flex-content-wrap\" style=\"max-width:1216.8px;margin-left: calc(-4% \/ 2 );margin-right: calc(-4% \/ 2 );\"><div class=\"fusion-layout-column fusion_builder_column fusion-builder-column-0 fusion_builder_column_1_1 1_1 fusion-flex-column\" style=\"--awb-bg-size:cover;--awb-width-large:100%;--awb-margin-top-large:0px;--awb-spacing-right-large:1.92%;--awb-margin-bottom-large:20px;--awb-spacing-left-large:1.92%;--awb-width-medium:100%;--awb-order-medium:0;--awb-spacing-right-medium:1.92%;--awb-spacing-left-medium:1.92%;--awb-width-small:100%;--awb-order-small:0;--awb-spacing-right-small:1.92%;--awb-spacing-left-small:1.92%;\"><div class=\"fusion-column-wrapper fusion-column-has-shadow fusion-flex-justify-content-flex-start fusion-content-layout-column\"><div class=\"fusion-title title fusion-title-1 fusion-sep-none fusion-title-text fusion-title-size-one\" style=\"--awb-margin-top-small:10px;--awb-margin-right-small:0px;--awb-margin-bottom-small:10px;--awb-margin-left-small:0px;\"><h1 class=\"fusion-title-heading title-heading-left fusion-responsive-typography-calculated\" style=\"margin:0;--fontSize:140;line-height:1;\">D\u00e9claration de confidentialit\u00e9<\/h1><\/div><div class=\"fusion-text fusion-text-1\"><p>Nous vous remercions de votre visite sur notre site Internet et de l&rsquo;int\u00e9r\u00eat que vous portez \u00e0 nos produits.<\/p>\n<p>Schaumstoffe Helgers prend la protection des donn\u00e9es au s\u00e9rieux et s&rsquo;efforce toujours de collecter et d&rsquo;utiliser toutes les donn\u00e9es personnelles en accord avec la l\u00e9gislation en vigueur sur la protection des donn\u00e9es.<\/p>\n<p>La protection de votre vie priv\u00e9e est importante pour nous. En r\u00e8gle g\u00e9n\u00e9rale, vous pouvez utiliser les services en ligne qui ne n\u00e9cessitent pas de paiement ou d&rsquo;enregistrement sans fournir de donn\u00e9es personnelles. Pour des raisons techniques, notamment \u00e0 des fins de s\u00e9curit\u00e9, nos serveurs enregistrent temporairement votre adresse IP. De m\u00eame, votre adresse IP est entre autres enregistr\u00e9e par des fournisseurs externes dans le cadre des dispositions l\u00e9gales.<\/p>\n<p>Vous trouverez une liste d\u00e9taill\u00e9e de tous les services utilis\u00e9s et de la mani\u00e8re dont les donn\u00e9es personnelles sont trait\u00e9es sur notre site Internet. <a href=\"https:\/\/www.schaumstoffehelgers.de\/images\/SH-Datenschutz-Information.pdf\" target=\"_blank\" rel=\"noopener noreferrer\">Information sur la protection des donn\u00e9es \u00e0 t\u00e9l\u00e9charger<\/a>.<\/p>\n<\/div><\/div><\/div><\/div><\/div>\n","protected":false},"excerpt":{"rendered":"","protected":false},"author":4,"featured_media":0,"parent":0,"menu_order":0,"comment_status":"closed","ping_status":"closed","template":"","meta":{"footnotes":""},"class_list":["post-5024","page","type-page","status-publish","hentry"],"yoast_head":"<!-- This site is optimized with the Yoast SEO plugin v27.4 - https:\/\/yoast.com\/product\/yoast-seo-wordpress\/ -->\n<title>D\u00e9claration de confidentialit\u00e9 | Enjoy Silence<\/title>\n<meta name=\"robots\" content=\"index, follow, max-snippet:-1, max-image-preview:large, max-video-preview:-1\" \/>\n<link rel=\"canonical\" href=\"https:\/\/www.enjoy-silence.com\/fr\/datenschutzerklaerung\/\" \/>\n<meta property=\"og:locale\" content=\"fr_FR\" \/>\n<meta property=\"og:type\" content=\"article\" \/>\n<meta property=\"og:title\" content=\"D\u00e9claration de confidentialit\u00e9 | Enjoy Silence\" \/>\n<meta property=\"og:url\" content=\"https:\/\/www.enjoy-silence.com\/fr\/datenschutzerklaerung\/\" \/>\n<meta property=\"og:site_name\" content=\"Enjoy Silence\" \/>\n<meta property=\"article:modified_time\" content=\"2024-10-22T15:07:57+00:00\" \/>\n<meta property=\"og:image\" content=\"https:\/\/www.enjoy-silence.com\/wp-content\/uploads\/2023\/11\/q-enjoy-silence-180px.png\" \/>\n\t<meta property=\"og:image:width\" content=\"180\" \/>\n\t<meta property=\"og:image:height\" content=\"77\" \/>\n\t<meta property=\"og:image:type\" content=\"image\/png\" \/>\n<meta name=\"twitter:card\" content=\"summary_large_image\" \/>\n<meta name=\"twitter:label1\" content=\"Dur\u00e9e de lecture estim\u00e9e\" \/>\n\t<meta name=\"twitter:data1\" content=\"7 minutes\" \/>\n<script type=\"application\/ld+json\" class=\"yoast-schema-graph\">{\"@context\":\"https:\\\/\\\/schema.org\",\"@graph\":[{\"@type\":\"WebPage\",\"@id\":\"https:\\\/\\\/www.enjoy-silence.com\\\/fr\\\/datenschutzerklaerung\\\/\",\"url\":\"https:\\\/\\\/www.enjoy-silence.com\\\/fr\\\/datenschutzerklaerung\\\/\",\"name\":\"D\u00e9claration de confidentialit\u00e9 | Enjoy Silence\",\"isPartOf\":{\"@id\":\"https:\\\/\\\/www.enjoy-silence.com\\\/fr\\\/#website\"},\"datePublished\":\"2023-11-08T12:58:12+00:00\",\"dateModified\":\"2024-10-22T15:07:57+00:00\",\"breadcrumb\":{\"@id\":\"https:\\\/\\\/www.enjoy-silence.com\\\/fr\\\/datenschutzerklaerung\\\/#breadcrumb\"},\"inLanguage\":\"fr-FR\",\"potentialAction\":[{\"@type\":\"ReadAction\",\"target\":[\"https:\\\/\\\/www.enjoy-silence.com\\\/fr\\\/datenschutzerklaerung\\\/\"]}]},{\"@type\":\"BreadcrumbList\",\"@id\":\"https:\\\/\\\/www.enjoy-silence.com\\\/fr\\\/datenschutzerklaerung\\\/#breadcrumb\",\"itemListElement\":[{\"@type\":\"ListItem\",\"position\":1,\"name\":\"Startseite\",\"item\":\"https:\\\/\\\/www.enjoy-silence.com\\\/fr\\\/\"},{\"@type\":\"ListItem\",\"position\":2,\"name\":\"D\u00e9claration de confidentialit\u00e9\"}]},{\"@type\":\"WebSite\",\"@id\":\"https:\\\/\\\/www.enjoy-silence.com\\\/fr\\\/#website\",\"url\":\"https:\\\/\\\/www.enjoy-silence.com\\\/fr\\\/\",\"name\":\"Enjoy Silence\",\"description\":\"\",\"potentialAction\":[{\"@type\":\"SearchAction\",\"target\":{\"@type\":\"EntryPoint\",\"urlTemplate\":\"https:\\\/\\\/www.enjoy-silence.com\\\/fr\\\/?s={search_term_string}\"},\"query-input\":{\"@type\":\"PropertyValueSpecification\",\"valueRequired\":true,\"valueName\":\"search_term_string\"}}],\"inLanguage\":\"fr-FR\"}]}<\/script>\n<!-- \/ Yoast SEO plugin. -->","yoast_head_json":{"title":"D\u00e9claration de confidentialit\u00e9 | Enjoy Silence","robots":{"index":"index","follow":"follow","max-snippet":"max-snippet:-1","max-image-preview":"max-image-preview:large","max-video-preview":"max-video-preview:-1"},"canonical":"https:\/\/www.enjoy-silence.com\/fr\/datenschutzerklaerung\/","og_locale":"fr_FR","og_type":"article","og_title":"D\u00e9claration de confidentialit\u00e9 | Enjoy Silence","og_url":"https:\/\/www.enjoy-silence.com\/fr\/datenschutzerklaerung\/","og_site_name":"Enjoy Silence","article_modified_time":"2024-10-22T15:07:57+00:00","og_image":[{"width":180,"height":77,"url":"https:\/\/www.enjoy-silence.com\/wp-content\/uploads\/2023\/11\/q-enjoy-silence-180px.png","type":"image\/png"}],"twitter_card":"summary_large_image","twitter_misc":{"Dur\u00e9e de lecture estim\u00e9e":"7 minutes"},"schema":{"@context":"https:\/\/schema.org","@graph":[{"@type":"WebPage","@id":"https:\/\/www.enjoy-silence.com\/fr\/datenschutzerklaerung\/","url":"https:\/\/www.enjoy-silence.com\/fr\/datenschutzerklaerung\/","name":"D\u00e9claration de confidentialit\u00e9 | Enjoy Silence","isPartOf":{"@id":"https:\/\/www.enjoy-silence.com\/fr\/#website"},"datePublished":"2023-11-08T12:58:12+00:00","dateModified":"2024-10-22T15:07:57+00:00","breadcrumb":{"@id":"https:\/\/www.enjoy-silence.com\/fr\/datenschutzerklaerung\/#breadcrumb"},"inLanguage":"fr-FR","potentialAction":[{"@type":"ReadAction","target":["https:\/\/www.enjoy-silence.com\/fr\/datenschutzerklaerung\/"]}]},{"@type":"BreadcrumbList","@id":"https:\/\/www.enjoy-silence.com\/fr\/datenschutzerklaerung\/#breadcrumb","itemListElement":[{"@type":"ListItem","position":1,"name":"Startseite","item":"https:\/\/www.enjoy-silence.com\/fr\/"},{"@type":"ListItem","position":2,"name":"D\u00e9claration de confidentialit\u00e9"}]},{"@type":"WebSite","@id":"https:\/\/www.enjoy-silence.com\/fr\/#website","url":"https:\/\/www.enjoy-silence.com\/fr\/","name":"Enjoy Silence","description":"","potentialAction":[{"@type":"SearchAction","target":{"@type":"EntryPoint","urlTemplate":"https:\/\/www.enjoy-silence.com\/fr\/?s={search_term_string}"},"query-input":{"@type":"PropertyValueSpecification","valueRequired":true,"valueName":"search_term_string"}}],"inLanguage":"fr-FR"}]}},"_links":{"self":[{"href":"https:\/\/www.enjoy-silence.com\/fr\/wp-json\/wp\/v2\/pages\/5024","targetHints":{"allow":["GET"]}}],"collection":[{"href":"https:\/\/www.enjoy-silence.com\/fr\/wp-json\/wp\/v2\/pages"}],"about":[{"href":"https:\/\/www.enjoy-silence.com\/fr\/wp-json\/wp\/v2\/types\/page"}],"author":[{"embeddable":true,"href":"https:\/\/www.enjoy-silence.com\/fr\/wp-json\/wp\/v2\/users\/4"}],"replies":[{"embeddable":true,"href":"https:\/\/www.enjoy-silence.com\/fr\/wp-json\/wp\/v2\/comments?post=5024"}],"version-history":[{"count":4,"href":"https:\/\/www.enjoy-silence.com\/fr\/wp-json\/wp\/v2\/pages\/5024\/revisions"}],"predecessor-version":[{"id":5352,"href":"https:\/\/www.enjoy-silence.com\/fr\/wp-json\/wp\/v2\/pages\/5024\/revisions\/5352"}],"wp:attachment":[{"href":"https:\/\/www.enjoy-silence.com\/fr\/wp-json\/wp\/v2\/media?parent=5024"}],"curies":[{"name":"wp","href":"https:\/\/api.w.org\/{rel}","templated":true}]}}